{"id":38728,"date":"2026-03-12T08:57:46","date_gmt":"2026-03-12T08:57:46","guid":{"rendered":"https:\/\/roteiro-campista.pt\/?post_type=product&#038;p=38728"},"modified":"2026-04-21T06:59:57","modified_gmt":"2026-04-21T06:59:57","slug":"roteiro-campista-2025-copia","status":"publish","type":"product","link":"https:\/\/roteiro-campista.pt\/fr\/produto\/roteiro-campista-2025-copia\/","title":{"rendered":"Roteiro Campista 2026"},"content":{"rendered":"","protected":false},"excerpt":{"rendered":"<p><strong>Guide des campings du Portugal.<br \/>\nConception enti\u00e8rement nouvelle avec des photos des h\u00e9bergements locatifs.<\/strong> Informations d\u00e9taill\u00e9es et actualis\u00e9es sur tous les campings du pays, h\u00e9bergements compl\u00e9mentaires, prix, horaires d&rsquo;ouverture et services. Il comprend une carte routi\u00e8re avec la localisation des campings et les coordonn\u00e9es GPS, ainsi qu&rsquo;un QR-Code pour un acc\u00e8s imm\u00e9diat au portail Roteiro Campista avec des informations compl\u00e9mentaires. La premi\u00e8re partie du guide est enti\u00e8rement consacr\u00e9e au camping et la seconde aux h\u00e9bergements locatifs compl\u00e9mentaires disponibles dans les campings.<br \/>\nLe livre a les dimensions suivantes : 205 mm x 125 mm x 15 mm 280 pages.<br \/>\n<strong>Mise \u00e0 jour avec les nouveaux parcs et ceux qui fermeront en 2026.<\/strong><br \/>\n<span style=\"color: #ff0000;\"><strong><span style=\"color: #ff0000;\">Comprend la RC-CARD, une carte de r\u00e9duction valable dans plus de 100 magasins.<\/span><br \/>\n<span style=\"color: #0000ff;\">Frais de port gratuits pour les adresses au Portugal.<\/span><br \/>\n<span style=\"color: #ff0000;\">NOTE : Les frais de port seront calcul\u00e9s apr\u00e8s avoir renseign\u00e9 l&rsquo;adresse de livraison.<\/span><\/strong><\/span><\/p>\n","protected":false},"featured_media":38731,"comment_status":"open","ping_status":"closed","template":"","meta":{"_eb_attr":"","inline_featured_image":false},"product_brand":[],"product_cat":[1002],"product_tag":[],"class_list":{"0":"post-38728","1":"product","2":"type-product","3":"status-publish","4":"has-post-thumbnail","6":"product_cat-livres","8":"first","9":"instock","10":"shipping-taxable","11":"purchasable","12":"product-type-simple"},"_links":{"self":[{"href":"https:\/\/roteiro-campista.pt\/fr\/wp-json\/wp\/v2\/product\/38728","targetHints":{"allow":["GET"]}}],"collection":[{"href":"https:\/\/roteiro-campista.pt\/fr\/wp-json\/wp\/v2\/product"}],"about":[{"href":"https:\/\/roteiro-campista.pt\/fr\/wp-json\/wp\/v2\/types\/product"}],"replies":[{"embeddable":true,"href":"https:\/\/roteiro-campista.pt\/fr\/wp-json\/wp\/v2\/comments?post=38728"}],"wp:featuredmedia":[{"embeddable":true,"href":"https:\/\/roteiro-campista.pt\/fr\/wp-json\/wp\/v2\/media\/38731"}],"wp:attachment":[{"href":"https:\/\/roteiro-campista.pt\/fr\/wp-json\/wp\/v2\/media?parent=38728"}],"wp:term":[{"taxonomy":"product_brand","embeddable":true,"href":"https:\/\/roteiro-campista.pt\/fr\/wp-json\/wp\/v2\/product_brand?post=38728"},{"taxonomy":"product_cat","embeddable":true,"href":"https:\/\/roteiro-campista.pt\/fr\/wp-json\/wp\/v2\/product_cat?post=38728"},{"taxonomy":"product_tag","embeddable":true,"href":"https:\/\/roteiro-campista.pt\/fr\/wp-json\/wp\/v2\/product_tag?post=38728"}],"curies":[{"name":"wp","href":"https:\/\/api.w.org\/{rel}","templated":true}]}}